{"id":18585,"date":"2026-04-09T16:58:22","date_gmt":"2026-04-09T14:58:22","guid":{"rendered":"https:\/\/faralarestaurante.com\/?page_id=18585"},"modified":"2026-04-09T17:06:00","modified_gmt":"2026-04-09T15:06:00","slug":"aviso-legal","status":"publish","type":"page","link":"https:\/\/faralarestaurante.com\/en\/aviso-legal\/","title":{"rendered":"Aviso Legal"},"content":{"rendered":"<div data-elementor-type=\"wp-page\" data-elementor-id=\"18585\" class=\"elementor elementor-18585\">\n\t\t\t\t<div class=\"elementor-element elementor-element-2fb5d83 e-flex e-con-boxed e-con e-parent\" data-id=\"2fb5d83\" data-element_type=\"container\" data-e-type=\"container\">\n\t\t\t\t\t<div class=\"e-con-inner\">\n\t\t\t\t<div class=\"elementor-element elementor-element-d6039da elementor-widget elementor-widget-heading\" data-id=\"d6039da\" data-element_type=\"widget\" data-e-type=\"widget\" data-widget_type=\"heading.default\">\n\t\t\t\t\t<h1 class=\"elementor-heading-title elementor-size-default\">Aviso Legal<\/h1>\t\t\t\t<\/div>\n\t\t\t\t<div class=\"elementor-element elementor-element-3faebc6 elementor-widget elementor-widget-heading\" data-id=\"3faebc6\" data-element_type=\"widget\" data-e-type=\"widget\" data-widget_type=\"heading.default\">\n\t\t\t\t\t<h2 class=\"elementor-heading-title elementor-size-default\">1.) IDENTIFICACI\u00d3N DEL PRESTADOR DE SERVICIOS:<\/h2>\t\t\t\t<\/div>\n\t\t\t\t<div class=\"elementor-element elementor-element-f494f65 elementor-widget elementor-widget-text-editor\" data-id=\"f494f65\" data-element_type=\"widget\" data-e-type=\"widget\" data-widget_type=\"text-editor.default\">\n\t\t\t\t\t\t\t\t\t<p>En cumplimiento con el deber de informaci\u00f3n general que, deben ofrecer los prestadores de servicios de la sociedad de informaci\u00f3n, a continuaci\u00f3n se reflejan los siguientes datos:<\/p><p>La empresa titular del website <a href=\"https:\/\/faralarestaurante.com\/en\/\">https:\/\/faralarestaurante.com<\/a> es El Quejio de Gomerez, S.L. con C.I.F: B-19649284 y direcci\u00f3n en C\/ Cuesta de Gom\u00e9rez, 11.18009.Granada., inscrita en el Registro Mercantil de Granada, Tomo:1471; Folio:87; Secci\u00f3n:8; Hoja:GR-42188.<\/p>\t\t\t\t\t\t\t\t<\/div>\n\t\t\t\t<div class=\"elementor-element elementor-element-9cd3edf elementor-widget elementor-widget-heading\" data-id=\"9cd3edf\" data-element_type=\"widget\" data-e-type=\"widget\" data-widget_type=\"heading.default\">\n\t\t\t\t\t<h2 class=\"elementor-heading-title elementor-size-default\">2.) AVISO SOBRE LA POL\u00cdTICA DE PRIVACIDAD DE LOS DATOS:<\/h2>\t\t\t\t<\/div>\n\t\t\t\t<div class=\"elementor-element elementor-element-556dd48 elementor-widget elementor-widget-text-editor\" data-id=\"556dd48\" data-element_type=\"widget\" data-e-type=\"widget\" data-widget_type=\"text-editor.default\">\n\t\t\t\t\t\t\t\t\t<p>A efectos de lo previsto en el Reglamento Europeo 2016\/679, informamos a los usuarios que los datos personales introducidos voluntariamente ser\u00e1n guardados en el Registro de Actividades, Contactos Web y\/o Clientes Web y\/o Reservas cuya finalidad es la de que El Quejio de Gomerez, S.L. pueda prestar el servicio solicitado y realizar la facturaci\u00f3n del mismo.<\/p><p>El Quejio de Gomerez, S.L. garantiza la seguridad y confidencialidad de los datos facilitados. De este modo se compromete al cumplimiento de su obligaci\u00f3n de secreto de los datos de car\u00e1cter personal y de su deber de guardarlos y adoptar todas las medidas necesarias para evitar su alteraci\u00f3n, p\u00e9rdida, tratamiento o uso no autorizado. Por lo tanto, toda la informaci\u00f3n que nos facilite no ser\u00e1 cedida a terceros, salvo en los casos que por obligaci\u00f3n legal as\u00ed haya que hacerlo, o para la correcta prestaci\u00f3n de los servicios contratados.<\/p><p>Usted podr\u00e1 en todo momento ejercitar los derechos de acceso, rectificaci\u00f3n, cancelaci\u00f3n y portabilidad de sus datos, y la limitaci\u00f3n u oposici\u00f3n a su tratamiento, as\u00ed como retirar el consentimiento aceptado al tratamiento de sus datos comunic\u00e1ndolo por escrito a nuestra direcci\u00f3n de correo electr\u00f3nico\u00a0<strong>reservas@restaurantefarala.com<\/strong>\u00a0incluso interponer reclamaci\u00f3n ante la Agencia Espa\u00f1ola de Protecci\u00f3n de Datos.<\/p>\t\t\t\t\t\t\t\t<\/div>\n\t\t\t\t<div class=\"elementor-element elementor-element-264dd6a elementor-widget elementor-widget-heading\" data-id=\"264dd6a\" data-element_type=\"widget\" data-e-type=\"widget\" data-widget_type=\"heading.default\">\n\t\t\t\t\t<h2 class=\"elementor-heading-title elementor-size-default\">3.) VARIOS:\n<\/h2>\t\t\t\t<\/div>\n\t\t\t\t<div class=\"elementor-element elementor-element-8e0b914 elementor-widget elementor-widget-text-editor\" data-id=\"8e0b914\" data-element_type=\"widget\" data-e-type=\"widget\" data-widget_type=\"text-editor.default\">\n\t\t\t\t\t\t\t\t\t<p><strong>A.-\u00a0<\/strong>El Quejio de Gomerez, S.L.utiliza cookies que se quedar\u00e1n almacenadas en el ordenador. Las cookies son peque\u00f1os archivos que nuestro ordenador env\u00eda al suyo, pero que no nos proporcionan informaci\u00f3n ni sobre su nombre, ni sobre cualquier dato de car\u00e1cter personal suyo. Cuando el usuario se encuentre navegando por la p\u00e1gina web de El Quejio de Gomerez, S.L. el servidor donde se encuentra alojada reconoce autom\u00e1ticamente la direcci\u00f3n IP de su ordenador, el d\u00eda y la hora en la que comienza la visita, en la que abandona la visita, as\u00ed como informaci\u00f3n sobre las distintas secciones consultadas. Es necesario que el servidor conozca estos datos para poder comunicarse y enviarle la petici\u00f3n realizada y que a trav\u00e9s del navegador se pueda ver en la pantalla.<\/p><p><strong>B.-<\/strong>\u00a0El Quejio de Gomerez, S.L. podr\u00e1 modificar, sin previo aviso, la informaci\u00f3n contenida en su sitio web, as\u00ed como su configuraci\u00f3n y presentaci\u00f3n.<\/p><p><strong>C.-<\/strong>\u00a0El Quejio de Gomerez, S.L. no se hace responsable del incumplimiento de cualquier norma aplicable en que pueda incurrir el usuario en su acceso al sitio web y\/o en el uso de las informaciones contenidas en el mismo.<\/p>\t\t\t\t\t\t\t\t<\/div>\n\t\t\t\t\t<\/div>\n\t\t\t\t<\/div>\n\t\t\t\t<\/div>","protected":false},"excerpt":{"rendered":"<p>Aviso Legal 1.) IDENTIFICACI\u00d3N DEL PRESTADOR DE SERVICIOS: En cumplimiento con el deber de informaci\u00f3n general que, deben ofrecer los prestadores de servicios de la sociedad de informaci\u00f3n, a continuaci\u00f3n se reflejan los siguientes datos: La empresa titular del website https:\/\/faralarestaurante.com es El Quejio de Gomerez, S.L. con C.I.F: B-19649284 y direcci\u00f3n en C\/ Cuesta [&hellip;]<\/p>\n","protected":false},"author":2,"featured_media":0,"parent":0,"menu_order":0,"comment_status":"closed","ping_status":"closed","template":"","meta":{"_acf_changed":false,"footnotes":""},"class_list":["post-18585","page","type-page","status-publish","hentry"],"acf":[],"yoast_head":"<!-- This site is optimized with the Yoast SEO plugin v27.3 - https:\/\/yoast.com\/product\/yoast-seo-wordpress\/ -->\n<title>Aviso Legal - Faral\u00e1<\/title>\n<meta name=\"robots\" content=\"noindex, follow, max-snippet:-1, max-image-preview:large, max-video-preview:-1\" \/>\n<meta property=\"og:locale\" content=\"en_US\" \/>\n<meta property=\"og:type\" content=\"article\" \/>\n<meta property=\"og:title\" content=\"Aviso Legal - Faral\u00e1\" \/>\n<meta property=\"og:description\" content=\"Aviso Legal 1.) IDENTIFICACI\u00d3N DEL PRESTADOR DE SERVICIOS: En cumplimiento con el deber de informaci\u00f3n general que, deben ofrecer los prestadores de servicios de la sociedad de informaci\u00f3n, a continuaci\u00f3n se reflejan los siguientes datos: La empresa titular del website https:\/\/faralarestaurante.com es El Quejio de Gomerez, S.L. con C.I.F: B-19649284 y direcci\u00f3n en C\/ Cuesta [&hellip;]\" \/>\n<meta property=\"og:url\" content=\"https:\/\/faralarestaurante.com\/en\/aviso-legal\/\" \/>\n<meta property=\"og:site_name\" content=\"Faral\u00e1\" \/>\n<meta property=\"article:modified_time\" content=\"2026-04-09T15:06:00+00:00\" \/>\n<meta property=\"og:image\" content=\"https:\/\/faralarestaurante.com\/wp-content\/uploads\/2025\/03\/Farala-Logo-1-1.png\" \/>\n\t<meta property=\"og:image:width\" content=\"1389\" \/>\n\t<meta property=\"og:image:height\" content=\"628\" \/>\n\t<meta property=\"og:image:type\" content=\"image\/png\" \/>\n<meta name=\"twitter:card\" content=\"summary_large_image\" \/>\n<meta name=\"twitter:label1\" content=\"Est. reading time\" \/>\n\t<meta name=\"twitter:data1\" content=\"3 minutes\" \/>\n<script type=\"application\/ld+json\" class=\"yoast-schema-graph\">{\"@context\":\"https:\\\/\\\/schema.org\",\"@graph\":[{\"@type\":\"WebPage\",\"@id\":\"https:\\\/\\\/faralarestaurante.com\\\/aviso-legal\\\/\",\"url\":\"https:\\\/\\\/faralarestaurante.com\\\/aviso-legal\\\/\",\"name\":\"Aviso Legal - Faral\u00e1\",\"isPartOf\":{\"@id\":\"https:\\\/\\\/faralarestaurante.com\\\/#website\"},\"datePublished\":\"2026-04-09T14:58:22+00:00\",\"dateModified\":\"2026-04-09T15:06:00+00:00\",\"breadcrumb\":{\"@id\":\"https:\\\/\\\/faralarestaurante.com\\\/aviso-legal\\\/#breadcrumb\"},\"inLanguage\":\"en-US\",\"potentialAction\":[{\"@type\":\"ReadAction\",\"target\":[\"https:\\\/\\\/faralarestaurante.com\\\/aviso-legal\\\/\"]}]},{\"@type\":\"BreadcrumbList\",\"@id\":\"https:\\\/\\\/faralarestaurante.com\\\/aviso-legal\\\/#breadcrumb\",\"itemListElement\":[{\"@type\":\"ListItem\",\"position\":1,\"name\":\"Home\",\"item\":\"https:\\\/\\\/faralarestaurante.com\\\/\"},{\"@type\":\"ListItem\",\"position\":2,\"name\":\"Aviso Legal\"}]},{\"@type\":\"WebSite\",\"@id\":\"https:\\\/\\\/faralarestaurante.com\\\/#website\",\"url\":\"https:\\\/\\\/faralarestaurante.com\\\/\",\"name\":\"Restaurante Faral\u00e1\",\"description\":\"\",\"publisher\":{\"@id\":\"https:\\\/\\\/faralarestaurante.com\\\/#organization\"},\"potentialAction\":[{\"@type\":\"SearchAction\",\"target\":{\"@type\":\"EntryPoint\",\"urlTemplate\":\"https:\\\/\\\/faralarestaurante.com\\\/?s={search_term_string}\"},\"query-input\":{\"@type\":\"PropertyValueSpecification\",\"valueRequired\":true,\"valueName\":\"search_term_string\"}}],\"inLanguage\":\"en-US\"},{\"@type\":\"Organization\",\"@id\":\"https:\\\/\\\/faralarestaurante.com\\\/#organization\",\"name\":\"El Quej\u00edo Wine Bar S.L.\",\"url\":\"https:\\\/\\\/faralarestaurante.com\\\/\",\"logo\":{\"@type\":\"ImageObject\",\"inLanguage\":\"en-US\",\"@id\":\"https:\\\/\\\/faralarestaurante.com\\\/#\\\/schema\\\/logo\\\/image\\\/\",\"url\":\"https:\\\/\\\/faralarestaurante.com\\\/wp-content\\\/uploads\\\/2026\\\/04\\\/cropped-farala-logo-cuadrado.webp\",\"contentUrl\":\"https:\\\/\\\/faralarestaurante.com\\\/wp-content\\\/uploads\\\/2026\\\/04\\\/cropped-farala-logo-cuadrado.webp\",\"width\":512,\"height\":512,\"caption\":\"El Quej\u00edo Wine Bar S.L.\"},\"image\":{\"@id\":\"https:\\\/\\\/faralarestaurante.com\\\/#\\\/schema\\\/logo\\\/image\\\/\"}}]}<\/script>\n<!-- \/ Yoast SEO plugin. -->","yoast_head_json":{"title":"Aviso Legal - Faral\u00e1","robots":{"index":"noindex","follow":"follow","max-snippet":"max-snippet:-1","max-image-preview":"max-image-preview:large","max-video-preview":"max-video-preview:-1"},"og_locale":"en_US","og_type":"article","og_title":"Aviso Legal - Faral\u00e1","og_description":"Aviso Legal 1.) IDENTIFICACI\u00d3N DEL PRESTADOR DE SERVICIOS: En cumplimiento con el deber de informaci\u00f3n general que, deben ofrecer los prestadores de servicios de la sociedad de informaci\u00f3n, a continuaci\u00f3n se reflejan los siguientes datos: La empresa titular del website https:\/\/faralarestaurante.com es El Quejio de Gomerez, S.L. con C.I.F: B-19649284 y direcci\u00f3n en C\/ Cuesta [&hellip;]","og_url":"https:\/\/faralarestaurante.com\/en\/aviso-legal\/","og_site_name":"Faral\u00e1","article_modified_time":"2026-04-09T15:06:00+00:00","og_image":[{"width":1389,"height":628,"url":"https:\/\/faralarestaurante.com\/wp-content\/uploads\/2025\/03\/Farala-Logo-1-1.png","type":"image\/png"}],"twitter_card":"summary_large_image","twitter_misc":{"Est. reading time":"3 minutes"},"schema":{"@context":"https:\/\/schema.org","@graph":[{"@type":"WebPage","@id":"https:\/\/faralarestaurante.com\/aviso-legal\/","url":"https:\/\/faralarestaurante.com\/aviso-legal\/","name":"Aviso Legal - Faral\u00e1","isPartOf":{"@id":"https:\/\/faralarestaurante.com\/#website"},"datePublished":"2026-04-09T14:58:22+00:00","dateModified":"2026-04-09T15:06:00+00:00","breadcrumb":{"@id":"https:\/\/faralarestaurante.com\/aviso-legal\/#breadcrumb"},"inLanguage":"en-US","potentialAction":[{"@type":"ReadAction","target":["https:\/\/faralarestaurante.com\/aviso-legal\/"]}]},{"@type":"BreadcrumbList","@id":"https:\/\/faralarestaurante.com\/aviso-legal\/#breadcrumb","itemListElement":[{"@type":"ListItem","position":1,"name":"Home","item":"https:\/\/faralarestaurante.com\/"},{"@type":"ListItem","position":2,"name":"Aviso Legal"}]},{"@type":"WebSite","@id":"https:\/\/faralarestaurante.com\/#website","url":"https:\/\/faralarestaurante.com\/","name":"Restaurante Faral\u00e1","description":"","publisher":{"@id":"https:\/\/faralarestaurante.com\/#organization"},"potentialAction":[{"@type":"SearchAction","target":{"@type":"EntryPoint","urlTemplate":"https:\/\/faralarestaurante.com\/?s={search_term_string}"},"query-input":{"@type":"PropertyValueSpecification","valueRequired":true,"valueName":"search_term_string"}}],"inLanguage":"en-US"},{"@type":"Organization","@id":"https:\/\/faralarestaurante.com\/#organization","name":"El Quej\u00edo Wine Bar S.L.","url":"https:\/\/faralarestaurante.com\/","logo":{"@type":"ImageObject","inLanguage":"en-US","@id":"https:\/\/faralarestaurante.com\/#\/schema\/logo\/image\/","url":"https:\/\/faralarestaurante.com\/wp-content\/uploads\/2026\/04\/cropped-farala-logo-cuadrado.webp","contentUrl":"https:\/\/faralarestaurante.com\/wp-content\/uploads\/2026\/04\/cropped-farala-logo-cuadrado.webp","width":512,"height":512,"caption":"El Quej\u00edo Wine Bar S.L."},"image":{"@id":"https:\/\/faralarestaurante.com\/#\/schema\/logo\/image\/"}}]}},"_links":{"self":[{"href":"https:\/\/faralarestaurante.com\/en\/wp-json\/wp\/v2\/pages\/18585","targetHints":{"allow":["GET"]}}],"collection":[{"href":"https:\/\/faralarestaurante.com\/en\/wp-json\/wp\/v2\/pages"}],"about":[{"href":"https:\/\/faralarestaurante.com\/en\/wp-json\/wp\/v2\/types\/page"}],"author":[{"embeddable":true,"href":"https:\/\/faralarestaurante.com\/en\/wp-json\/wp\/v2\/users\/2"}],"replies":[{"embeddable":true,"href":"https:\/\/faralarestaurante.com\/en\/wp-json\/wp\/v2\/comments?post=18585"}],"version-history":[{"count":8,"href":"https:\/\/faralarestaurante.com\/en\/wp-json\/wp\/v2\/pages\/18585\/revisions"}],"predecessor-version":[{"id":18595,"href":"https:\/\/faralarestaurante.com\/en\/wp-json\/wp\/v2\/pages\/18585\/revisions\/18595"}],"wp:attachment":[{"href":"https:\/\/faralarestaurante.com\/en\/wp-json\/wp\/v2\/media?parent=18585"}],"curies":[{"name":"wp","href":"https:\/\/api.w.org\/{rel}","templated":true}]}}