{"id":18591,"date":"2026-04-09T17:05:39","date_gmt":"2026-04-09T15:05:39","guid":{"rendered":"https:\/\/faralarestaurante.com\/?page_id=18591"},"modified":"2026-04-09T17:10:25","modified_gmt":"2026-04-09T15:10:25","slug":"condiciones-generales-de-reserva","status":"publish","type":"page","link":"https:\/\/faralarestaurante.com\/en\/condiciones-generales-de-reserva\/","title":{"rendered":"General booking conditions"},"content":{"rendered":"<div data-elementor-type=\"wp-page\" data-elementor-id=\"18591\" class=\"elementor elementor-18591\">\n\t\t\t\t<div class=\"elementor-element elementor-element-8f03400 e-flex e-con-boxed e-con e-parent\" data-id=\"8f03400\" data-element_type=\"container\" data-e-type=\"container\">\n\t\t\t\t\t<div class=\"e-con-inner\">\n\t\t\t\t<div class=\"elementor-element elementor-element-ff66b76 elementor-widget elementor-widget-heading\" data-id=\"ff66b76\" data-element_type=\"widget\" data-e-type=\"widget\" data-widget_type=\"heading.default\">\n\t\t\t\t\t<h1 class=\"elementor-heading-title elementor-size-default\">General booking conditions<\/h1>\t\t\t\t<\/div>\n\t\t\t\t<div class=\"elementor-element elementor-element-88f2bbb elementor-widget elementor-widget-text-editor\" data-id=\"88f2bbb\" data-element_type=\"widget\" data-e-type=\"widget\" data-widget_type=\"text-editor.default\">\n\t\t\t\t\t\t\t\t\t<p>Todas las reservas que se realicen en nuestro sitio web (a partir de ahora faralarestaurante.com) por parte del cliente (a partir de ahora \u00abel Cliente\u00bb) estar\u00e1n sujetas a las Condiciones Generales de reservas de los servicios expuestas en el presente documento.<br \/>Si alg\u00fan aspecto de la reserva no estuviera contemplado en el mismo, \u00e9ste ser\u00e1 regulado seg\u00fan la legislaci\u00f3n vigente en Espa\u00f1a.<br \/>La reserva formulada por el Cliente implica su acuerdo y aceptaci\u00f3n de las presentes Condiciones Generales de reserva de los servicios. Ninguna estipulaci\u00f3n efectuada por el Cliente sobre las presentes Condiciones de reserva, podr\u00e1 diferir de las establecidas por El Quejio de Gomerez SL. Toda la informaci\u00f3n que figura en las p\u00e1ginas web de faralarestaurante.com referentes a los servicios, sus caracter\u00edsticas, sus precios, sus condiciones de reserva podr\u00e1n ser modificados por El Quejio de Gomerez SL en cualquier momento y sin previo aviso, con el objeto de tener informado puntualmente al p\u00fablico general de dichos cambios.<\/p>\t\t\t\t\t\t\t\t<\/div>\n\t\t\t\t<div class=\"elementor-element elementor-element-a20cf3e elementor-widget elementor-widget-heading\" data-id=\"a20cf3e\" data-element_type=\"widget\" data-e-type=\"widget\" data-widget_type=\"heading.default\">\n\t\t\t\t\t<h2 class=\"elementor-heading-title elementor-size-default\">1. SERVICIOS Y PRECIOS<\/h2>\t\t\t\t<\/div>\n\t\t\t\t<div class=\"elementor-element elementor-element-da8c18e elementor-widget elementor-widget-text-editor\" data-id=\"da8c18e\" data-element_type=\"widget\" data-e-type=\"widget\" data-widget_type=\"text-editor.default\">\n\t\t\t\t\t\t\t\t\t<p>1.1 La cuant\u00eda de los precios de los servicios as\u00ed como cualesquiera de sus caracter\u00edsticas podr\u00e1n ser objeto de revisi\u00f3n por parte de El Quejio de Gomerez S.L. en cualquier momento sin tener \u00e9ste obligaci\u00f3n alguna de notificar tales modificaciones al Cliente por otro medio que no sea la exposici\u00f3n de dichos cambios en sus p\u00e1ginas web. No obstante El Quejio de Gomerez S.L. podr\u00eda comunicarle al Cliente cualquier modificaci\u00f3n mediante e-mail o WhatsApp. Por otro lado, salvo por correcci\u00f3n de errores tipogr\u00e1ficos, una vez efectuada la reserva del servicio, restaurantefarala.com se comprometer\u00e1 a mantener el precio vigente al Cliente en el momento que efectu\u00f3 su pedido.<\/p>\t\t\t\t\t\t\t\t<\/div>\n\t\t\t\t<div class=\"elementor-element elementor-element-0a7ec01 elementor-widget elementor-widget-heading\" data-id=\"0a7ec01\" data-element_type=\"widget\" data-e-type=\"widget\" data-widget_type=\"heading.default\">\n\t\t\t\t\t<h2 class=\"elementor-heading-title elementor-size-default\">2. RESERVAS<\/h2>\t\t\t\t<\/div>\n\t\t\t\t<div class=\"elementor-element elementor-element-1b80144 elementor-widget elementor-widget-text-editor\" data-id=\"1b80144\" data-element_type=\"widget\" data-e-type=\"widget\" data-widget_type=\"text-editor.default\">\n\t\t\t\t\t\t\t\t\t<p>2.1 Se entender\u00e1 que el Cliente ha le\u00eddo, entiende y acepta libremente las presentes Condiciones Generales de reserva de los servicios, cuando efect\u00fae su reserva a trav\u00e9s de los formularios de reserva existentes en la p\u00e1gina web restaurantefarala.com aceptando (marcando) la casilla dispuesta a tal efecto.<\/p><p>2.2 Dado que existen enlaces en la web restaurantefarala.com para la libre visualizaci\u00f3n de las presentes Condiciones Generales de reserva de los servicios, \u00e9stas tambi\u00e9n ser\u00e1n de aplicaci\u00f3n a los productos solicitados a trav\u00e9s de cualquier otro medio distinto al formulario de pedidos de Internet (por e-mail, por tel\u00e9fono, por fax o personalmente).<\/p><p>2.3 El Quejio de Gomerez S.L se reservar\u00e1 siempre el derecho aceptar o denegar a su propio criterio cualquier solicitud de reserva, ampliaci\u00f3n, renovaci\u00f3n, modificaci\u00f3n o cambio de cualquiera de los servicios expuestos en sus p\u00e1ginas web.<\/p><p>2.4 El Cliente afirma que tanto los datos propios, como los de la reserva proporcionados a restaurantefarala.com son reales y fidedignos. En caso de que restaurantefarala.com probara que alguno o la totalidad de dichos datos son falsos, la reserva ser\u00e1 autom\u00e1ticamente anulada y el Cliente no podr\u00e1 reclamar devoluci\u00f3n alguna.<\/p><p>2.5 En el caso de que el Cliente proporcione datos de una tercera persona o entidad al efectuar la reserva, el Cliente ser\u00e1 el \u00fanico responsable de que dicha tercera persona o entidad conozca y acepte expresamente tal situaci\u00f3n. Toda la responsabilidad de los da\u00f1os y perjuicios que pudieran derivarse por este hecho recaer\u00e1n totalmente sobre el Cliente, excluyendo a restaurantefarala.com de cualquier responsabilidad.<\/p><p>2.6 Cualquier indicaci\u00f3n o consulta que el cliente haga constar en los apartados destinados a comentarios en la reserva o en comunicaciones posteriores al mismo ser\u00e1n tomados como meramente informativos y no condicionar\u00e1n en ning\u00fan caso la reserva efectuada.<\/p><p>2.7 As\u00ed mismo restaurantefarala.com se reserva el derecho a retener la reserva del servicio a la espera de cualquier informaci\u00f3n que necesite del Cliente.<\/p><p>2.8 El Cliente est\u00e1 informado de la descripci\u00f3n del servicio reservado y de toda la informaci\u00f3n que contiene este, disponible en la web.<\/p>\t\t\t\t\t\t\t\t<\/div>\n\t\t\t\t<div class=\"elementor-element elementor-element-8d20ca3 elementor-widget elementor-widget-heading\" data-id=\"8d20ca3\" data-element_type=\"widget\" data-e-type=\"widget\" data-widget_type=\"heading.default\">\n\t\t\t\t\t<h2 class=\"elementor-heading-title elementor-size-default\">3. PAGOS<\/h2>\t\t\t\t<\/div>\n\t\t\t\t<div class=\"elementor-element elementor-element-4ee101c elementor-widget elementor-widget-text-editor\" data-id=\"4ee101c\" data-element_type=\"widget\" data-e-type=\"widget\" data-widget_type=\"text-editor.default\">\n\t\t\t\t\t\t\t\t\t<p>3.1 El Cliente deber\u00e1 tener en cuenta efectuar el pago en EUROS.<\/p>\t\t\t\t\t\t\t\t<\/div>\n\t\t\t\t<div class=\"elementor-element elementor-element-21986d0 elementor-widget elementor-widget-heading\" data-id=\"21986d0\" data-element_type=\"widget\" data-e-type=\"widget\" data-widget_type=\"heading.default\">\n\t\t\t\t\t<h2 class=\"elementor-heading-title elementor-size-default\">4. GARANTIAS Y RESERVAS<\/h2>\t\t\t\t<\/div>\n\t\t\t\t<div class=\"elementor-element elementor-element-e334e01 elementor-widget elementor-widget-text-editor\" data-id=\"e334e01\" data-element_type=\"widget\" data-e-type=\"widget\" data-widget_type=\"text-editor.default\">\n\t\t\t\t\t\t\t\t\t<p>4.1 restaurantefarala.com manifiesta y garantiza que puede realizar servicios propios y de terceros a trav\u00e9s de su p\u00e1gina web restaurantefarala.com y que est\u00e1 en posesi\u00f3n de los suficientes medios (tanto en equipamiento t\u00e9cnico como en disposici\u00f3n de servicios) para el completo proceso de reserva.<\/p><p>4.2 En caso de que por cualquier motivo el restaurante se viese obligado a suspender el servicio reservado, el cliente no tendr\u00e1 derecho a indemnizaci\u00f3n alguna.<\/p>\t\t\t\t\t\t\t\t<\/div>\n\t\t\t\t<div class=\"elementor-element elementor-element-80a6206 elementor-widget elementor-widget-heading\" data-id=\"80a6206\" data-element_type=\"widget\" data-e-type=\"widget\" data-widget_type=\"heading.default\">\n\t\t\t\t\t<h2 class=\"elementor-heading-title elementor-size-default\">5. RESPONSABILIDADES<\/h2>\t\t\t\t<\/div>\n\t\t\t\t<div class=\"elementor-element elementor-element-bdb3512 elementor-widget elementor-widget-text-editor\" data-id=\"bdb3512\" data-element_type=\"widget\" data-e-type=\"widget\" data-widget_type=\"text-editor.default\">\n\t\t\t\t\t\t\t\t\t<p>5.1 El Quejio de Gomerez S.L. no es responsable de aquello que le sea exclusivamente imputable al Cliente.<\/p><p>5.2 El Quejio de Gomerez S.L no se hace responsable de las esperas que se pudieran originar en los accesos al restaurante.<\/p><p>5.3 El Quejio de Gomerez S.L no acepta responsabilidades derivadas de sus servicios, por no cumplir las expectativas del cliente.<\/p><p>5.4 El Quejio de Gomerez S.L no se hace responsable de ninguna manera (ni directa ni subsidiaria) de cualquier da\u00f1o directo o indirecto, que el Cliente pudiera sufrir u ocasionar a s\u00ed mismo o a terceros.<\/p>\t\t\t\t\t\t\t\t<\/div>\n\t\t\t\t<div class=\"elementor-element elementor-element-c603023 elementor-widget elementor-widget-heading\" data-id=\"c603023\" data-element_type=\"widget\" data-e-type=\"widget\" data-widget_type=\"heading.default\">\n\t\t\t\t\t<h2 class=\"elementor-heading-title elementor-size-default\">6. COMUNICACIONES<\/h2>\t\t\t\t<\/div>\n\t\t\t\t<div class=\"elementor-element elementor-element-0b1f651 elementor-widget elementor-widget-text-editor\" data-id=\"0b1f651\" data-element_type=\"widget\" data-e-type=\"widget\" data-widget_type=\"text-editor.default\">\n\t\t\t\t\t\t\t\t\t<p>6.1 El Cliente se obliga a mantener siempre operativa, activa y actualizada la direcci\u00f3n e-mail suministrada en su pedido para las comunicaciones fluidas con restaurantefarala.com, ya que constituye el medio de comunicaci\u00f3n preferente para la gesti\u00f3n \u00e1gil y sin problemas en el proceso de gesti\u00f3n de reservas.<\/p><p>6.2 Si el Cliente deseara cambiar la direcci\u00f3n e-mail de contacto facilitada al efectuar su reserva deber\u00e1 hacerlo a trav\u00e9s de comunicaci\u00f3n por e-mail, cumpliendo los requisitos de seguridad exigidos por restaurantefarala.com para poder verificar la legitimidad de la solicitud, de manera que en ning\u00fan momento quede interrumpida la comunicaci\u00f3n entre ambas partes.<\/p><p>6.3 Sobre el Cliente recaer\u00e1 toda responsabilidad por las consecuencias que la falta de operatividad de su direcci\u00f3n e-mail o que la ausencia de comunicaci\u00f3n para la actualizaci\u00f3n de dicho dato en nuestros registros pudieran producir.<\/p><p>6.4 En el caso de que sean asignados al Cliente datos individuales de registro y autenticaci\u00f3n para su acceso legitimado en las p\u00e1ginas web de restaurantefarala.com (tales como nombre de usuario, claves o passwords), \u00e9ste ser\u00e1 el \u00fanico responsable de su utilizaci\u00f3n, protecci\u00f3n y mantenimiento de su confidencialidad. El uso de estos identificadores y la comunicaci\u00f3n de los mismos a terceras personas, se producir\u00e1 bajo la \u00fanica responsabilidad del Cliente siendo este \u00faltimo el responsable final de las compras, comunicaciones o acciones efectuadas usando dichos datos.<\/p>\t\t\t\t\t\t\t\t<\/div>\n\t\t\t\t<div class=\"elementor-element elementor-element-299d6c6 elementor-widget elementor-widget-heading\" data-id=\"299d6c6\" data-element_type=\"widget\" data-e-type=\"widget\" data-widget_type=\"heading.default\">\n\t\t\t\t\t<h2 class=\"elementor-heading-title elementor-size-default\">7. INFORMACI\u00d3N LEGAL<\/h2>\t\t\t\t<\/div>\n\t\t\t\t<div class=\"elementor-element elementor-element-d9337d4 elementor-widget elementor-widget-text-editor\" data-id=\"d9337d4\" data-element_type=\"widget\" data-e-type=\"widget\" data-widget_type=\"text-editor.default\">\n\t\t\t\t\t\t\t\t\t<p>7.1 El Cliente declara ser mayor de 18 a\u00f1os de edad o en su caso disponer del correspondiente permiso paterno o de su tutor legal para efectuar reservas a trav\u00e9s de las p\u00e1ginas de faralarestaurante.com, as\u00ed mismo declara tener capacidad legal suficiente para ello.<\/p><p>7.2 El Cliente indemnizar\u00e1 a restaurantefarala.com por todos los gastos que pudieran darse en el caso de ser imputado por el Cliente (o por terceros relacionados con el Cliente a causa de la reserva), en alguna causa cuya responsabilidad no le fuera directamente atribuible, incluy\u00e9ndose en tal indemnizaci\u00f3n los honorarios y gastos de los abogados de faralrestaurante.com, incluso cuando la decisi\u00f3n judicial no fuera definitiva.<\/p><p>7.3 En lo no previsto en este documento, as\u00ed como en la interpretaci\u00f3n y resoluci\u00f3n de los conflictos que pudieran surgir entre las partes como consecuencia del mismo, ser\u00e1 de aplicaci\u00f3n la legislaci\u00f3n espa\u00f1ola.<\/p><p>7.4 Si llegara a surgir alg\u00fan conflicto o diferencia entre las partes (Cliente y Empresa) en la interpretaci\u00f3n y ejecuci\u00f3n de este documento, y no se resolviera de mutuo acuerdo, el mismo ser\u00e1 resuelto a instancia de cualquiera de las partes y tras la comunicaci\u00f3n por escrito a la otra, mediante arbitraje.<\/p><p>7.5 Todo lo anterior se entender\u00e1 sin perjuicio de que las partes puedan someterse a un procedimiento judicial, en tal caso se har\u00e1 ante la jurisdicci\u00f3n y competencia de los Juzgados y Tribunales del fuero que el Cliente elija o El Quejio de Gomerez, S.L.<\/p>\t\t\t\t\t\t\t\t<\/div>\n\t\t\t\t\t<\/div>\n\t\t\t\t<\/div>\n\t\t\t\t<\/div>","protected":false},"excerpt":{"rendered":"<p>Condiciones generales de reserva Todas las reservas que se realicen en nuestro sitio web (a partir de ahora faralarestaurante.com) por parte del cliente (a partir de ahora \u00abel Cliente\u00bb) estar\u00e1n sujetas a las Condiciones Generales de reservas de los servicios expuestas en el presente documento.Si alg\u00fan aspecto de la reserva no estuviera contemplado en el [&hellip;]<\/p>\n","protected":false},"author":2,"featured_media":0,"parent":0,"menu_order":0,"comment_status":"closed","ping_status":"closed","template":"","meta":{"_acf_changed":false,"footnotes":""},"class_list":["post-18591","page","type-page","status-publish","hentry"],"acf":[],"yoast_head":"<!-- This site is optimized with the Yoast SEO plugin v27.3 - https:\/\/yoast.com\/product\/yoast-seo-wordpress\/ -->\n<title>Condiciones generales de reserva - Faral\u00e1<\/title>\n<meta name=\"robots\" content=\"noindex, follow, max-snippet:-1, max-image-preview:large, max-video-preview:-1\" \/>\n<meta property=\"og:locale\" content=\"en_US\" \/>\n<meta property=\"og:type\" content=\"article\" \/>\n<meta property=\"og:title\" content=\"Condiciones generales de reserva - Faral\u00e1\" \/>\n<meta property=\"og:description\" content=\"Condiciones generales de reserva Todas las reservas que se realicen en nuestro sitio web (a partir de ahora faralarestaurante.com) por parte del cliente (a partir de ahora \u00abel Cliente\u00bb) estar\u00e1n sujetas a las Condiciones Generales de reservas de los servicios expuestas en el presente documento.Si alg\u00fan aspecto de la reserva no estuviera contemplado en el [&hellip;]\" \/>\n<meta property=\"og:url\" content=\"https:\/\/faralarestaurante.com\/en\/condiciones-generales-de-reserva\/\" \/>\n<meta property=\"og:site_name\" content=\"Faral\u00e1\" \/>\n<meta property=\"article:modified_time\" content=\"2026-04-09T15:10:25+00:00\" \/>\n<meta property=\"og:image\" content=\"https:\/\/faralarestaurante.com\/wp-content\/uploads\/2025\/03\/Farala-Logo-1-1.png\" \/>\n\t<meta property=\"og:image:width\" content=\"1389\" \/>\n\t<meta property=\"og:image:height\" content=\"628\" \/>\n\t<meta property=\"og:image:type\" content=\"image\/png\" \/>\n<meta name=\"twitter:card\" content=\"summary_large_image\" \/>\n<meta name=\"twitter:label1\" content=\"Est. reading time\" \/>\n\t<meta name=\"twitter:data1\" content=\"6 minutes\" \/>\n<script type=\"application\/ld+json\" class=\"yoast-schema-graph\">{\"@context\":\"https:\\\/\\\/schema.org\",\"@graph\":[{\"@type\":\"WebPage\",\"@id\":\"https:\\\/\\\/faralarestaurante.com\\\/condiciones-generales-de-reserva\\\/\",\"url\":\"https:\\\/\\\/faralarestaurante.com\\\/condiciones-generales-de-reserva\\\/\",\"name\":\"Condiciones generales de reserva - Faral\u00e1\",\"isPartOf\":{\"@id\":\"https:\\\/\\\/faralarestaurante.com\\\/#website\"},\"datePublished\":\"2026-04-09T15:05:39+00:00\",\"dateModified\":\"2026-04-09T15:10:25+00:00\",\"breadcrumb\":{\"@id\":\"https:\\\/\\\/faralarestaurante.com\\\/condiciones-generales-de-reserva\\\/#breadcrumb\"},\"inLanguage\":\"en-US\",\"potentialAction\":[{\"@type\":\"ReadAction\",\"target\":[\"https:\\\/\\\/faralarestaurante.com\\\/condiciones-generales-de-reserva\\\/\"]}]},{\"@type\":\"BreadcrumbList\",\"@id\":\"https:\\\/\\\/faralarestaurante.com\\\/condiciones-generales-de-reserva\\\/#breadcrumb\",\"itemListElement\":[{\"@type\":\"ListItem\",\"position\":1,\"name\":\"Home\",\"item\":\"https:\\\/\\\/faralarestaurante.com\\\/\"},{\"@type\":\"ListItem\",\"position\":2,\"name\":\"Condiciones generales de reserva\"}]},{\"@type\":\"WebSite\",\"@id\":\"https:\\\/\\\/faralarestaurante.com\\\/#website\",\"url\":\"https:\\\/\\\/faralarestaurante.com\\\/\",\"name\":\"Restaurante Faral\u00e1\",\"description\":\"\",\"publisher\":{\"@id\":\"https:\\\/\\\/faralarestaurante.com\\\/#organization\"},\"potentialAction\":[{\"@type\":\"SearchAction\",\"target\":{\"@type\":\"EntryPoint\",\"urlTemplate\":\"https:\\\/\\\/faralarestaurante.com\\\/?s={search_term_string}\"},\"query-input\":{\"@type\":\"PropertyValueSpecification\",\"valueRequired\":true,\"valueName\":\"search_term_string\"}}],\"inLanguage\":\"en-US\"},{\"@type\":\"Organization\",\"@id\":\"https:\\\/\\\/faralarestaurante.com\\\/#organization\",\"name\":\"El Quej\u00edo Wine Bar S.L.\",\"url\":\"https:\\\/\\\/faralarestaurante.com\\\/\",\"logo\":{\"@type\":\"ImageObject\",\"inLanguage\":\"en-US\",\"@id\":\"https:\\\/\\\/faralarestaurante.com\\\/#\\\/schema\\\/logo\\\/image\\\/\",\"url\":\"https:\\\/\\\/faralarestaurante.com\\\/wp-content\\\/uploads\\\/2026\\\/04\\\/cropped-farala-logo-cuadrado.webp\",\"contentUrl\":\"https:\\\/\\\/faralarestaurante.com\\\/wp-content\\\/uploads\\\/2026\\\/04\\\/cropped-farala-logo-cuadrado.webp\",\"width\":512,\"height\":512,\"caption\":\"El Quej\u00edo Wine Bar S.L.\"},\"image\":{\"@id\":\"https:\\\/\\\/faralarestaurante.com\\\/#\\\/schema\\\/logo\\\/image\\\/\"}}]}<\/script>\n<!-- \/ Yoast SEO plugin. -->","yoast_head_json":{"title":"Condiciones generales de reserva - Faral\u00e1","robots":{"index":"noindex","follow":"follow","max-snippet":"max-snippet:-1","max-image-preview":"max-image-preview:large","max-video-preview":"max-video-preview:-1"},"og_locale":"en_US","og_type":"article","og_title":"Condiciones generales de reserva - Faral\u00e1","og_description":"Condiciones generales de reserva Todas las reservas que se realicen en nuestro sitio web (a partir de ahora faralarestaurante.com) por parte del cliente (a partir de ahora \u00abel Cliente\u00bb) estar\u00e1n sujetas a las Condiciones Generales de reservas de los servicios expuestas en el presente documento.Si alg\u00fan aspecto de la reserva no estuviera contemplado en el [&hellip;]","og_url":"https:\/\/faralarestaurante.com\/en\/condiciones-generales-de-reserva\/","og_site_name":"Faral\u00e1","article_modified_time":"2026-04-09T15:10:25+00:00","og_image":[{"width":1389,"height":628,"url":"https:\/\/faralarestaurante.com\/wp-content\/uploads\/2025\/03\/Farala-Logo-1-1.png","type":"image\/png"}],"twitter_card":"summary_large_image","twitter_misc":{"Est. reading time":"6 minutes"},"schema":{"@context":"https:\/\/schema.org","@graph":[{"@type":"WebPage","@id":"https:\/\/faralarestaurante.com\/condiciones-generales-de-reserva\/","url":"https:\/\/faralarestaurante.com\/condiciones-generales-de-reserva\/","name":"Condiciones generales de reserva - Faral\u00e1","isPartOf":{"@id":"https:\/\/faralarestaurante.com\/#website"},"datePublished":"2026-04-09T15:05:39+00:00","dateModified":"2026-04-09T15:10:25+00:00","breadcrumb":{"@id":"https:\/\/faralarestaurante.com\/condiciones-generales-de-reserva\/#breadcrumb"},"inLanguage":"en-US","potentialAction":[{"@type":"ReadAction","target":["https:\/\/faralarestaurante.com\/condiciones-generales-de-reserva\/"]}]},{"@type":"BreadcrumbList","@id":"https:\/\/faralarestaurante.com\/condiciones-generales-de-reserva\/#breadcrumb","itemListElement":[{"@type":"ListItem","position":1,"name":"Home","item":"https:\/\/faralarestaurante.com\/"},{"@type":"ListItem","position":2,"name":"Condiciones generales de reserva"}]},{"@type":"WebSite","@id":"https:\/\/faralarestaurante.com\/#website","url":"https:\/\/faralarestaurante.com\/","name":"Restaurante Faral\u00e1","description":"","publisher":{"@id":"https:\/\/faralarestaurante.com\/#organization"},"potentialAction":[{"@type":"SearchAction","target":{"@type":"EntryPoint","urlTemplate":"https:\/\/faralarestaurante.com\/?s={search_term_string}"},"query-input":{"@type":"PropertyValueSpecification","valueRequired":true,"valueName":"search_term_string"}}],"inLanguage":"en-US"},{"@type":"Organization","@id":"https:\/\/faralarestaurante.com\/#organization","name":"El Quej\u00edo Wine Bar S.L.","url":"https:\/\/faralarestaurante.com\/","logo":{"@type":"ImageObject","inLanguage":"en-US","@id":"https:\/\/faralarestaurante.com\/#\/schema\/logo\/image\/","url":"https:\/\/faralarestaurante.com\/wp-content\/uploads\/2026\/04\/cropped-farala-logo-cuadrado.webp","contentUrl":"https:\/\/faralarestaurante.com\/wp-content\/uploads\/2026\/04\/cropped-farala-logo-cuadrado.webp","width":512,"height":512,"caption":"El Quej\u00edo Wine Bar S.L."},"image":{"@id":"https:\/\/faralarestaurante.com\/#\/schema\/logo\/image\/"}}]}},"_links":{"self":[{"href":"https:\/\/faralarestaurante.com\/en\/wp-json\/wp\/v2\/pages\/18591","targetHints":{"allow":["GET"]}}],"collection":[{"href":"https:\/\/faralarestaurante.com\/en\/wp-json\/wp\/v2\/pages"}],"about":[{"href":"https:\/\/faralarestaurante.com\/en\/wp-json\/wp\/v2\/types\/page"}],"author":[{"embeddable":true,"href":"https:\/\/faralarestaurante.com\/en\/wp-json\/wp\/v2\/users\/2"}],"replies":[{"embeddable":true,"href":"https:\/\/faralarestaurante.com\/en\/wp-json\/wp\/v2\/comments?post=18591"}],"version-history":[{"count":4,"href":"https:\/\/faralarestaurante.com\/en\/wp-json\/wp\/v2\/pages\/18591\/revisions"}],"predecessor-version":[{"id":18598,"href":"https:\/\/faralarestaurante.com\/en\/wp-json\/wp\/v2\/pages\/18591\/revisions\/18598"}],"wp:attachment":[{"href":"https:\/\/faralarestaurante.com\/en\/wp-json\/wp\/v2\/media?parent=18591"}],"curies":[{"name":"wp","href":"https:\/\/api.w.org\/{rel}","templated":true}]}}