{"id":18599,"date":"2026-04-09T17:11:13","date_gmt":"2026-04-09T15:11:13","guid":{"rendered":"https:\/\/faralarestaurante.com\/?page_id=18599"},"modified":"2026-04-09T17:11:57","modified_gmt":"2026-04-09T15:11:57","slug":"politica-de-cookies","status":"publish","type":"page","link":"https:\/\/faralarestaurante.com\/en\/politica-de-cookies\/","title":{"rendered":"Cookie Policy"},"content":{"rendered":"<div data-elementor-type=\"wp-page\" data-elementor-id=\"18599\" class=\"elementor elementor-18599\">\n\t\t\t\t<div class=\"elementor-element elementor-element-ad06aec e-flex e-con-boxed e-con e-parent\" data-id=\"ad06aec\" data-element_type=\"container\" data-e-type=\"container\">\n\t\t\t\t\t<div class=\"e-con-inner\">\n\t\t\t\t<div class=\"elementor-element elementor-element-8f03677 elementor-widget elementor-widget-heading\" data-id=\"8f03677\" data-element_type=\"widget\" data-e-type=\"widget\" data-widget_type=\"heading.default\">\n\t\t\t\t\t<h1 class=\"elementor-heading-title elementor-size-default\">Cookie Policy<\/h1>\t\t\t\t<\/div>\n\t\t\t\t<div class=\"elementor-element elementor-element-a6eedf5 elementor-widget elementor-widget-text-editor\" data-id=\"a6eedf5\" data-element_type=\"widget\" data-e-type=\"widget\" data-widget_type=\"text-editor.default\">\n\t\t\t\t\t\t\t\t\t<p><strong>COOKIES<\/strong><\/p><p>Se denomina cookie a un segmento de datos que son almacenados en el navegador del usuario con la finalidad de ofrecer mayor informaci\u00f3n al servidor web acerca de \u00e9ste, permitiendo as\u00ed recordar determinados par\u00e1metros e informaci\u00f3n sobre el usuario, consiguiendo una mayor personalizaci\u00f3n y an\u00e1lisis sobre el comportamiento del mismo.<\/p><p>Utilizamos cookies para facilitar el uso de nuestra p\u00e1gina web. Las cookies son peque\u00f1os ficheros de informaci\u00f3n que nos permiten comparar y entender c\u00f3mo nuestros usuarios navegan a trav\u00e9s de nuestra p\u00e1gina web, y de esta manera poder mejorar consecuentemente el proceso de navegaci\u00f3n. En caso de no querer recibir cookies, por favor configure su navegador de Internet para que las borre del disco duro de su ordenador, las bloquee o le avise en caso de instalaci\u00f3n de las mismas. Para continuar sin cambios en la configuraci\u00f3n de las cookies, simplemente contin\u00fae en la p\u00e1gina web.<\/p><p><strong>Tipos de Cookies:<\/strong><\/p><p>Existen diferentes tipos de cookies, las cuales pueden ser clasificadas seg\u00fan su finalidad a la hora de obtener informaci\u00f3n acerca del usuario:<\/p><p>Cookies t\u00e9cnicas: Son aquellas que resultan imprescindibles para permitir al usuario la navegaci\u00f3n a trav\u00e9s de una p\u00e1gina web, como por ejemplo, las que permiten almacenar los datos de un pedido online.<\/p><p>Cookies de personalizaci\u00f3n: Este tipo permite personalizar las funciones o contenidos del sitio web en funci\u00f3n de los datos obtenidos del navegador. Mediante estas cookies podemos presentar un sitio web en el mismo idioma del navegador usado para visitar la web.<\/p><p>Cookies de an\u00e1lisis: Se utilizan con fines estad\u00edsticos \u00fanicamente. Un claro ejemplo podr\u00eda ser las cookies generadas por el script de seguimiento de Google Analytics.<\/p><p>Cookies publicitarias y de publicidad comportamental: Son todas aquellas que tienen como objetivo mejorar la eficacia de los espacios publicitarios. As\u00ed, la red publicitaria de Google o los adservers incluyen este tipo de tecnolog\u00edas para dar el servicio deseado a sus clientes.<\/p><p>Todo lo relativo a las cookies de Google, tanto anal\u00edticas como publicitarias, as\u00ed como su administraci\u00f3n y configuraci\u00f3n se puede consultar en:<\/p><ul><li>http:\/\/www.google.es\/intl\/es\/policies\/technologies\/types\/<\/li><li>http:\/\/www.google.es\/policies\/technologies\/ads\/<\/li><li>https:\/\/developers.google.com\/analytics\/devguides\/collection\/analyticsjs\/cookie-usage<\/li><\/ul><p>Puede obtener m\u00e1s informaci\u00f3n sobre las cookies y su uso en\u00a0<a href=\"http:\/\/www.aboutcookies.org\/\">www.aboutcookies.org<\/a>.<\/p><p>B.-Como administrar las cookies en los ordenadores.<\/p><p>Usted puede permitir, bloquear o eliminar las cookies instaladas en su equipo mediante la configuraci\u00f3n de las opciones del navegador instalado en su ordenador:<\/p><p><strong><em>Google Chrome<\/em><\/strong><\/p><p>http:\/\/support.google.com\/chrome\/bin\/answer.py?hl=es&answer=95647<\/p><p><strong><em>Microsoft Internet Explorer 9.0<\/em><\/strong><\/p><p>http:\/\/windows.microsoft.com\/es-es\/windows7\/how-to-manage-cookies-in-internet-explorer-9<\/p><p><strong><em>Mozilla Firefox<\/em><\/strong><\/p><p>http:\/\/support.mozilla.org\/es\/kb\/habilitar-y-deshabilitar-cookies-que-los-sitios-we<\/p><p><strong><em>Safari<\/em><\/strong><\/p><p>http:\/\/support.apple.com\/kb\/ph5042<\/p><p><strong>La instalaci\u00f3n de cookies en Mac<\/strong><\/p><p>Si tienes un Mac y quieres permitir el acceso de nuestras cookies en tu ordenador, por favor sigue las siguientes instrucciones:<\/p><p><strong><em>Microsoft Internet Explorer 5.0 en OSX<\/em><\/strong><\/p><ol><li>Entra en \u201cExplorer\u201d y selecciona \u201cPreferencias\u201d en la barra de navegaci\u00f3n.<\/li><li>Haz scroll hacia abajo hasta que veas \u201cCookies\u201d justo debajo de archivos recibidos.<\/li><li>Marca \u201cNo volver a preguntar\u201d.<\/li><\/ol><p><strong><em>Safari en OSX<\/em><\/strong><\/p><ol><li>Entra en Safari y selecciona \u201cPreferencias\u201d en la barra de navegaci\u00f3n.<\/li><li>Pincha en la pesta\u00f1a de \u201cSeguridad\u201d y marca la opci\u00f3n \u201caceptar cookies\u201d<\/li><li>Selecciona la opci\u00f3n: \u201cS\u00f3lo desde el site actual en que estoy navegando\u201d<\/li><\/ol><p><strong><em>Mozilla y Netscape en OSX<\/em><\/strong><\/p><ol><li>Entra en \u201cMozilla\u201d o \u201cNetscape\u201d y en la parte superior de tu navegador, marca la opci\u00f3n de \u201cPreferencias\u201d<\/li><li>Haz scroll hacia abajo hasta que veas \u201cCookies\u201d justo debajo de \u201cPrivacidad y Seguridad\u201d.<\/li><li>Marca la opci\u00f3n \u201cPermitir el acceso de cookies s\u00f3lo desde el site actual\u201d<\/li><\/ol><p><strong><em>Opera<\/em><\/strong><\/p><ol><li>Entra en \u201cOpera\u201d y selecciona \u201cMenu\u201d y \u201cAjustes\u201d en la barra de navegaci\u00f3n.<\/li><li>Selecciona \u201cPreferencias\u201d y pincha en la pesta\u00f1a de \u201cAvanzado\u201d.<\/li><li>Marca la opci\u00f3n \u201cAceptar cookies\u201d<\/li><\/ol><h4>Nuestra web almacena la siguiente Cookies:<\/h4><p><strong>Nombre de la cookie: _ga<\/strong><\/p><p>P\u00e1gina(s) originante(s): La primera p\u00e1gina que visita el internauta<\/p><p>Parte originante (Tercero): Google Analytics<\/p><p>Desarrolado por Google Inc.<\/p><p>Datos recabados por la cookie: Visitas de p\u00e1ginas<\/p><p>Finalidad: para distinguir a los usuarios.<\/p><p>Caducidad: 2 a\u00f1os desde el final de la \u00faltima visita.<\/p><p><strong>Nombre de la Cookies: _gid<\/strong><\/p><p>P\u00e1gina(s) originante(s): La primera p\u00e1gina que visita el internauta<\/p><p>Parte originante (Tercero): Google Analytics<\/p><p>Desarrolado por Google Inc.<\/p><p>Finalidad: es una identificador que permite organizar a los usuarios por grupos.<\/p><p>Caducidad: 24 horas.<\/p><p><strong>Nombre de la Cookies: pll_language<\/strong><\/p><p>Finalidad: Permite diferenciar entre los diferentes objetos de seguimiento que se crean en la sesi\u00f3n. Esta Cookie especifica la configuraci\u00f3n del lenguaje del usuario y lo recuerda cuando vuelve a visitar el sitio Web.<\/p><p>Caducidad: 1 a\u00f1o.<\/p><p><strong>Nombre de la cookies: Almacenamiento Local<\/strong><\/p><p>Cookies Propias, son estrictamente necesarias para la correcta navegaci\u00f3n.<\/p><p>Finalidad: mantener la sesi\u00f3n del usuario.<\/p><p>Caducidad: al finalizar la sesi\u00f3n.<\/p>\t\t\t\t\t\t\t\t<\/div>\n\t\t\t\t\t<\/div>\n\t\t\t\t<\/div>\n\t\t\t\t<\/div>","protected":false},"excerpt":{"rendered":"<p>Pol\u00edtica de cookies COOKIES Se denomina cookie a un segmento de datos que son almacenados en el navegador del usuario con la finalidad de ofrecer mayor informaci\u00f3n al servidor web acerca de \u00e9ste, permitiendo as\u00ed recordar determinados par\u00e1metros e informaci\u00f3n sobre el usuario, consiguiendo una mayor personalizaci\u00f3n y an\u00e1lisis sobre el comportamiento del mismo. Utilizamos [&hellip;]<\/p>\n","protected":false},"author":2,"featured_media":0,"parent":0,"menu_order":0,"comment_status":"closed","ping_status":"closed","template":"","meta":{"_acf_changed":false,"footnotes":""},"class_list":["post-18599","page","type-page","status-publish","hentry"],"acf":[],"yoast_head":"<!-- This site is optimized with the Yoast SEO plugin v27.3 - https:\/\/yoast.com\/product\/yoast-seo-wordpress\/ -->\n<title>Pol\u00edtica de cookies - Faral\u00e1<\/title>\n<meta name=\"robots\" content=\"noindex, follow, max-snippet:-1, max-image-preview:large, max-video-preview:-1\" \/>\n<meta property=\"og:locale\" content=\"en_US\" \/>\n<meta property=\"og:type\" content=\"article\" \/>\n<meta property=\"og:title\" content=\"Pol\u00edtica de cookies - Faral\u00e1\" \/>\n<meta property=\"og:description\" content=\"Pol\u00edtica de cookies COOKIES Se denomina cookie a un segmento de datos que son almacenados en el navegador del usuario con la finalidad de ofrecer mayor informaci\u00f3n al servidor web acerca de \u00e9ste, permitiendo as\u00ed recordar determinados par\u00e1metros e informaci\u00f3n sobre el usuario, consiguiendo una mayor personalizaci\u00f3n y an\u00e1lisis sobre el comportamiento del mismo. Utilizamos [&hellip;]\" \/>\n<meta property=\"og:url\" content=\"https:\/\/faralarestaurante.com\/en\/politica-de-cookies\/\" \/>\n<meta property=\"og:site_name\" content=\"Faral\u00e1\" \/>\n<meta property=\"article:modified_time\" content=\"2026-04-09T15:11:57+00:00\" \/>\n<meta property=\"og:image\" content=\"https:\/\/faralarestaurante.com\/wp-content\/uploads\/2025\/03\/Farala-Logo-1-1.png\" \/>\n\t<meta property=\"og:image:width\" content=\"1389\" \/>\n\t<meta property=\"og:image:height\" content=\"628\" \/>\n\t<meta property=\"og:image:type\" content=\"image\/png\" \/>\n<meta name=\"twitter:card\" content=\"summary_large_image\" \/>\n<meta name=\"twitter:label1\" content=\"Est. reading time\" \/>\n\t<meta name=\"twitter:data1\" content=\"4 minutes\" \/>\n<script type=\"application\/ld+json\" class=\"yoast-schema-graph\">{\"@context\":\"https:\\\/\\\/schema.org\",\"@graph\":[{\"@type\":\"WebPage\",\"@id\":\"https:\\\/\\\/faralarestaurante.com\\\/politica-de-cookies\\\/\",\"url\":\"https:\\\/\\\/faralarestaurante.com\\\/politica-de-cookies\\\/\",\"name\":\"Pol\u00edtica de cookies - Faral\u00e1\",\"isPartOf\":{\"@id\":\"https:\\\/\\\/faralarestaurante.com\\\/#website\"},\"datePublished\":\"2026-04-09T15:11:13+00:00\",\"dateModified\":\"2026-04-09T15:11:57+00:00\",\"breadcrumb\":{\"@id\":\"https:\\\/\\\/faralarestaurante.com\\\/politica-de-cookies\\\/#breadcrumb\"},\"inLanguage\":\"en-US\",\"potentialAction\":[{\"@type\":\"ReadAction\",\"target\":[\"https:\\\/\\\/faralarestaurante.com\\\/politica-de-cookies\\\/\"]}]},{\"@type\":\"BreadcrumbList\",\"@id\":\"https:\\\/\\\/faralarestaurante.com\\\/politica-de-cookies\\\/#breadcrumb\",\"itemListElement\":[{\"@type\":\"ListItem\",\"position\":1,\"name\":\"Home\",\"item\":\"https:\\\/\\\/faralarestaurante.com\\\/\"},{\"@type\":\"ListItem\",\"position\":2,\"name\":\"Pol\u00edtica de cookies\"}]},{\"@type\":\"WebSite\",\"@id\":\"https:\\\/\\\/faralarestaurante.com\\\/#website\",\"url\":\"https:\\\/\\\/faralarestaurante.com\\\/\",\"name\":\"Restaurante Faral\u00e1\",\"description\":\"\",\"publisher\":{\"@id\":\"https:\\\/\\\/faralarestaurante.com\\\/#organization\"},\"potentialAction\":[{\"@type\":\"SearchAction\",\"target\":{\"@type\":\"EntryPoint\",\"urlTemplate\":\"https:\\\/\\\/faralarestaurante.com\\\/?s={search_term_string}\"},\"query-input\":{\"@type\":\"PropertyValueSpecification\",\"valueRequired\":true,\"valueName\":\"search_term_string\"}}],\"inLanguage\":\"en-US\"},{\"@type\":\"Organization\",\"@id\":\"https:\\\/\\\/faralarestaurante.com\\\/#organization\",\"name\":\"El Quej\u00edo Wine Bar S.L.\",\"url\":\"https:\\\/\\\/faralarestaurante.com\\\/\",\"logo\":{\"@type\":\"ImageObject\",\"inLanguage\":\"en-US\",\"@id\":\"https:\\\/\\\/faralarestaurante.com\\\/#\\\/schema\\\/logo\\\/image\\\/\",\"url\":\"https:\\\/\\\/faralarestaurante.com\\\/wp-content\\\/uploads\\\/2026\\\/04\\\/cropped-farala-logo-cuadrado.webp\",\"contentUrl\":\"https:\\\/\\\/faralarestaurante.com\\\/wp-content\\\/uploads\\\/2026\\\/04\\\/cropped-farala-logo-cuadrado.webp\",\"width\":512,\"height\":512,\"caption\":\"El Quej\u00edo Wine Bar S.L.\"},\"image\":{\"@id\":\"https:\\\/\\\/faralarestaurante.com\\\/#\\\/schema\\\/logo\\\/image\\\/\"}}]}<\/script>\n<!-- \/ Yoast SEO plugin. -->","yoast_head_json":{"title":"Pol\u00edtica de cookies - Faral\u00e1","robots":{"index":"noindex","follow":"follow","max-snippet":"max-snippet:-1","max-image-preview":"max-image-preview:large","max-video-preview":"max-video-preview:-1"},"og_locale":"en_US","og_type":"article","og_title":"Pol\u00edtica de cookies - Faral\u00e1","og_description":"Pol\u00edtica de cookies COOKIES Se denomina cookie a un segmento de datos que son almacenados en el navegador del usuario con la finalidad de ofrecer mayor informaci\u00f3n al servidor web acerca de \u00e9ste, permitiendo as\u00ed recordar determinados par\u00e1metros e informaci\u00f3n sobre el usuario, consiguiendo una mayor personalizaci\u00f3n y an\u00e1lisis sobre el comportamiento del mismo. Utilizamos [&hellip;]","og_url":"https:\/\/faralarestaurante.com\/en\/politica-de-cookies\/","og_site_name":"Faral\u00e1","article_modified_time":"2026-04-09T15:11:57+00:00","og_image":[{"width":1389,"height":628,"url":"https:\/\/faralarestaurante.com\/wp-content\/uploads\/2025\/03\/Farala-Logo-1-1.png","type":"image\/png"}],"twitter_card":"summary_large_image","twitter_misc":{"Est. reading time":"4 minutes"},"schema":{"@context":"https:\/\/schema.org","@graph":[{"@type":"WebPage","@id":"https:\/\/faralarestaurante.com\/politica-de-cookies\/","url":"https:\/\/faralarestaurante.com\/politica-de-cookies\/","name":"Pol\u00edtica de cookies - Faral\u00e1","isPartOf":{"@id":"https:\/\/faralarestaurante.com\/#website"},"datePublished":"2026-04-09T15:11:13+00:00","dateModified":"2026-04-09T15:11:57+00:00","breadcrumb":{"@id":"https:\/\/faralarestaurante.com\/politica-de-cookies\/#breadcrumb"},"inLanguage":"en-US","potentialAction":[{"@type":"ReadAction","target":["https:\/\/faralarestaurante.com\/politica-de-cookies\/"]}]},{"@type":"BreadcrumbList","@id":"https:\/\/faralarestaurante.com\/politica-de-cookies\/#breadcrumb","itemListElement":[{"@type":"ListItem","position":1,"name":"Home","item":"https:\/\/faralarestaurante.com\/"},{"@type":"ListItem","position":2,"name":"Pol\u00edtica de cookies"}]},{"@type":"WebSite","@id":"https:\/\/faralarestaurante.com\/#website","url":"https:\/\/faralarestaurante.com\/","name":"Restaurante Faral\u00e1","description":"","publisher":{"@id":"https:\/\/faralarestaurante.com\/#organization"},"potentialAction":[{"@type":"SearchAction","target":{"@type":"EntryPoint","urlTemplate":"https:\/\/faralarestaurante.com\/?s={search_term_string}"},"query-input":{"@type":"PropertyValueSpecification","valueRequired":true,"valueName":"search_term_string"}}],"inLanguage":"en-US"},{"@type":"Organization","@id":"https:\/\/faralarestaurante.com\/#organization","name":"El Quej\u00edo Wine Bar S.L.","url":"https:\/\/faralarestaurante.com\/","logo":{"@type":"ImageObject","inLanguage":"en-US","@id":"https:\/\/faralarestaurante.com\/#\/schema\/logo\/image\/","url":"https:\/\/faralarestaurante.com\/wp-content\/uploads\/2026\/04\/cropped-farala-logo-cuadrado.webp","contentUrl":"https:\/\/faralarestaurante.com\/wp-content\/uploads\/2026\/04\/cropped-farala-logo-cuadrado.webp","width":512,"height":512,"caption":"El Quej\u00edo Wine Bar S.L."},"image":{"@id":"https:\/\/faralarestaurante.com\/#\/schema\/logo\/image\/"}}]}},"_links":{"self":[{"href":"https:\/\/faralarestaurante.com\/en\/wp-json\/wp\/v2\/pages\/18599","targetHints":{"allow":["GET"]}}],"collection":[{"href":"https:\/\/faralarestaurante.com\/en\/wp-json\/wp\/v2\/pages"}],"about":[{"href":"https:\/\/faralarestaurante.com\/en\/wp-json\/wp\/v2\/types\/page"}],"author":[{"embeddable":true,"href":"https:\/\/faralarestaurante.com\/en\/wp-json\/wp\/v2\/users\/2"}],"replies":[{"embeddable":true,"href":"https:\/\/faralarestaurante.com\/en\/wp-json\/wp\/v2\/comments?post=18599"}],"version-history":[{"count":7,"href":"https:\/\/faralarestaurante.com\/en\/wp-json\/wp\/v2\/pages\/18599\/revisions"}],"predecessor-version":[{"id":18614,"href":"https:\/\/faralarestaurante.com\/en\/wp-json\/wp\/v2\/pages\/18599\/revisions\/18614"}],"wp:attachment":[{"href":"https:\/\/faralarestaurante.com\/en\/wp-json\/wp\/v2\/media?parent=18599"}],"curies":[{"name":"wp","href":"https:\/\/api.w.org\/{rel}","templated":true}]}}